{"id":23,"date":"2025-09-30T23:28:24","date_gmt":"2025-09-30T21:28:24","guid":{"rendered":"http:\/\/212.227.100.131:8081\/?page_id=23"},"modified":"2025-10-27T13:04:12","modified_gmt":"2025-10-27T12:04:12","slug":"abteilung-turnen","status":"publish","type":"page","link":"https:\/\/etb.mausberg.net\/","title":{"rendered":"Abteilung Turnen"},"content":{"rendered":"\n<p class=\"has-text-align-center\">Willkommen beim ETB Schwarz-Wei\u00df Essen.<\/p>\n\n\n\n<p class=\"has-text-align-center\">Wir sind ein Verein mit einer \u00fcber 120-j\u00e4hrigen Tradition und einem modernen Angebot f\u00fcr unterschiedlichste Interessen. Unser Schwerpunkt ist, Spa\u00df am und im Sport f\u00fcr die ganze Familie.<\/p>\n\n\n\n<div class=\"wp-block-columns is-layout-flex wp-container-core-columns-is-layout-9d6595d7 wp-block-columns-is-layout-flex\">\n<div class=\"wp-block-column is-layout-flow wp-block-column-is-layout-flow\">\n<div class=\"wp-block-cover is-light\"><img loading=\"lazy\" decoding=\"async\" width=\"960\" height=\"720\" class=\"wp-block-cover__image-background wp-image-26 size-full\" alt=\"\" src=\"http:\/\/212.227.100.131:8081\/wp-content\/uploads\/2025\/09\/472721166_1346976866659621_7175758469096414668_n.jpg\" style=\"object-position:50% 50%\" data-object-fit=\"cover\" data-object-position=\"50% 50%\" srcset=\"https:\/\/etb.mausberg.net\/wp-content\/uploads\/2025\/09\/472721166_1346976866659621_7175758469096414668_n.jpg 960w, https:\/\/etb.mausberg.net\/wp-content\/uploads\/2025\/09\/472721166_1346976866659621_7175758469096414668_n-300x225.jpg 300w, https:\/\/etb.mausberg.net\/wp-content\/uploads\/2025\/09\/472721166_1346976866659621_7175758469096414668_n-768x576.jpg 768w\" sizes=\"auto, (max-width: 960px) 100vw, 960px\" \/><span aria-hidden=\"true\" class=\"wp-block-cover__background has-background-dim-80 has-background-dim\" style=\"background-color:#b1a097\"><\/span><div class=\"wp-block-cover__inner-container is-layout-constrained wp-block-cover-is-layout-constrained\">\n<p class=\"has-text-align-center has-theme-palette-9-color has-text-color has-link-color has-larger-font-size wp-elements-5f221ca9fda4e1c31746ddb82dfebd18\"><strong><a href=\"http:\/\/212.227.100.131:8081\/index.php\/angebot-fuer-kinder\/\" data-type=\"page\" data-id=\"19\">Angebot<\/a><\/strong><br><strong><a href=\"http:\/\/212.227.100.131:8081\/index.php\/angebot-fuer-kinder\/\" data-type=\"page\" data-id=\"19\">f\u00fcr Kinder<\/a><\/strong><\/p>\n<\/div><\/div>\n<\/div>\n\n\n\n<div class=\"wp-block-column is-layout-flow wp-block-column-is-layout-flow\">\n<div class=\"wp-block-cover is-light has-theme-palette-9-color has-text-color has-link-color wp-elements-209f39206603bdaf0c1e9a0883d474f0\"><img loading=\"lazy\" decoding=\"async\" width=\"960\" height=\"720\" class=\"wp-block-cover__image-background wp-image-27 size-full\" alt=\"\" src=\"http:\/\/212.227.100.131:8081\/wp-content\/uploads\/2025\/09\/472721166_1346976866659621_7175758469096414668_n-1.jpg\" style=\"object-position:50% 50%\" data-object-fit=\"cover\" data-object-position=\"50% 50%\" srcset=\"https:\/\/etb.mausberg.net\/wp-content\/uploads\/2025\/09\/472721166_1346976866659621_7175758469096414668_n-1.jpg 960w, https:\/\/etb.mausberg.net\/wp-content\/uploads\/2025\/09\/472721166_1346976866659621_7175758469096414668_n-1-300x225.jpg 300w, https:\/\/etb.mausberg.net\/wp-content\/uploads\/2025\/09\/472721166_1346976866659621_7175758469096414668_n-1-768x576.jpg 768w\" sizes=\"auto, (max-width: 960px) 100vw, 960px\" \/><span aria-hidden=\"true\" class=\"wp-block-cover__background has-background-dim-80 has-background-dim\" style=\"background-color:#b1a097\"><\/span><div class=\"wp-block-cover__inner-container is-layout-constrained wp-block-cover-is-layout-constrained\">\n<p class=\"has-text-align-center has-larger-font-size\"><strong><a href=\"http:\/\/212.227.100.131:8081\/index.php\/angebot-fuer-erwachsene\/\" data-type=\"page\" data-id=\"17\">Angebot<br>f\u00fcr Erwachsene<\/a><\/strong><\/p>\n<\/div><\/div>\n<\/div>\n\n\n\n<div class=\"wp-block-column is-layout-flow wp-block-column-is-layout-flow\">\n<div class=\"wp-block-cover is-light\"><img loading=\"lazy\" decoding=\"async\" width=\"960\" height=\"720\" class=\"wp-block-cover__image-background wp-image-27 size-full\" alt=\"\" src=\"http:\/\/212.227.100.131:8081\/wp-content\/uploads\/2025\/09\/472721166_1346976866659621_7175758469096414668_n-1.jpg\" style=\"object-position:50% 50%\" data-object-fit=\"cover\" data-object-position=\"50% 50%\" srcset=\"https:\/\/etb.mausberg.net\/wp-content\/uploads\/2025\/09\/472721166_1346976866659621_7175758469096414668_n-1.jpg 960w, https:\/\/etb.mausberg.net\/wp-content\/uploads\/2025\/09\/472721166_1346976866659621_7175758469096414668_n-1-300x225.jpg 300w, https:\/\/etb.mausberg.net\/wp-content\/uploads\/2025\/09\/472721166_1346976866659621_7175758469096414668_n-1-768x576.jpg 768w\" sizes=\"auto, (max-width: 960px) 100vw, 960px\" \/><span aria-hidden=\"true\" class=\"wp-block-cover__background has-background-dim-80 has-background-dim\" style=\"background-color:#b1a097\"><\/span><div class=\"wp-block-cover__inner-container is-layout-constrained wp-block-cover-is-layout-constrained\">\n<p class=\"has-text-align-center has-theme-palette-9-color has-text-color has-link-color has-larger-font-size wp-elements-25273d6b18f4655a36d991d46acb3b7e\"><strong><a href=\"http:\/\/212.227.100.131:8081\/index.php\/mitglied-werden\/\" data-type=\"page\" data-id=\"52\">Mitglied werden<\/a><\/strong><\/p>\n<\/div><\/div>\n<\/div>\n\n\n\n<div class=\"wp-block-column is-layout-flow wp-block-column-is-layout-flow\">\n<div class=\"wp-block-cover is-light\"><img loading=\"lazy\" decoding=\"async\" width=\"960\" height=\"720\" class=\"wp-block-cover__image-background wp-image-26 size-full\" alt=\"\" src=\"http:\/\/212.227.100.131:8081\/wp-content\/uploads\/2025\/09\/472721166_1346976866659621_7175758469096414668_n.jpg\" style=\"object-position:50% 50%\" data-object-fit=\"cover\" data-object-position=\"50% 50%\" srcset=\"https:\/\/etb.mausberg.net\/wp-content\/uploads\/2025\/09\/472721166_1346976866659621_7175758469096414668_n.jpg 960w, https:\/\/etb.mausberg.net\/wp-content\/uploads\/2025\/09\/472721166_1346976866659621_7175758469096414668_n-300x225.jpg 300w, https:\/\/etb.mausberg.net\/wp-content\/uploads\/2025\/09\/472721166_1346976866659621_7175758469096414668_n-768x576.jpg 768w\" sizes=\"auto, (max-width: 960px) 100vw, 960px\" \/><span aria-hidden=\"true\" class=\"wp-block-cover__background has-background-dim-80 has-background-dim\" style=\"background-color:#b1a097\"><\/span><div class=\"wp-block-cover__inner-container is-layout-constrained wp-block-cover-is-layout-constrained\">\n<p class=\"has-text-align-center has-theme-palette-9-color has-text-color has-link-color has-larger-font-size wp-elements-4575ac498fe4ff76c20ac6a31453f5f3\"><strong><a href=\"http:\/\/212.227.100.131:8081\/index.php\/ueber-uns\/\" data-type=\"page\" data-id=\"50\">\u00dcber Uns<\/a><\/strong><\/p>\n<\/div><\/div>\n<\/div>\n<\/div>\n\n\n\n<p><\/p>\n","protected":false},"excerpt":{"rendered":"<p>Willkommen beim ETB Schwarz-Wei\u00df Essen. Wir sind ein Verein mit einer \u00fcber 120-j\u00e4hrigen Tradition und einem modernen Angebot f\u00fcr unterschiedlichste Interessen. Unser Schwerpunkt ist, Spa\u00df am und im Sport f\u00fcr die ganze Familie.<\/p>\n","protected":false},"author":1,"featured_media":26,"parent":0,"menu_order":0,"comment_status":"closed","ping_status":"closed","template":"","meta":{"_kad_post_transparent":"","_kad_post_title":"","_kad_post_layout":"","_kad_post_sidebar_id":"","_kad_post_content_style":"","_kad_post_vertical_padding":"","_kad_post_feature":"","_kad_post_feature_position":"","_kad_post_header":false,"_kad_post_footer":false,"footnotes":""},"class_list":["post-23","page","type-page","status-publish","has-post-thumbnail","hentry"],"_links":{"self":[{"href":"https:\/\/etb.mausberg.net\/index.php\/wp-json\/wp\/v2\/pages\/23","targetHints":{"allow":["GET"]}}],"collection":[{"href":"https:\/\/etb.mausberg.net\/index.php\/wp-json\/wp\/v2\/pages"}],"about":[{"href":"https:\/\/etb.mausberg.net\/index.php\/wp-json\/wp\/v2\/types\/page"}],"author":[{"embeddable":true,"href":"https:\/\/etb.mausberg.net\/index.php\/wp-json\/wp\/v2\/users\/1"}],"replies":[{"embeddable":true,"href":"https:\/\/etb.mausberg.net\/index.php\/wp-json\/wp\/v2\/comments?post=23"}],"version-history":[{"count":10,"href":"https:\/\/etb.mausberg.net\/index.php\/wp-json\/wp\/v2\/pages\/23\/revisions"}],"predecessor-version":[{"id":104,"href":"https:\/\/etb.mausberg.net\/index.php\/wp-json\/wp\/v2\/pages\/23\/revisions\/104"}],"wp:featuredmedia":[{"embeddable":true,"href":"https:\/\/etb.mausberg.net\/index.php\/wp-json\/wp\/v2\/media\/26"}],"wp:attachment":[{"href":"https:\/\/etb.mausberg.net\/index.php\/wp-json\/wp\/v2\/media?parent=23"}],"curies":[{"name":"wp","href":"https:\/\/api.w.org\/{rel}","templated":true}]}}