{"id":17,"date":"2025-09-30T23:20:28","date_gmt":"2025-09-30T21:20:28","guid":{"rendered":"http:\/\/212.227.100.131:8081\/?page_id=17"},"modified":"2025-10-27T13:07:02","modified_gmt":"2025-10-27T12:07:02","slug":"angebot-fuer-erwachsene","status":"publish","type":"page","link":"https:\/\/etb.mausberg.net\/index.php\/angebot-fuer-erwachsene\/","title":{"rendered":"Angebot f\u00fcr Erwachsene"},"content":{"rendered":"\n<p>Bei Interesse an unseren Trainingseinheiten oder Fragen zu Schnupperstunden oder der Anmeldung, wendet euch gerne direkt an unsere Gesch\u00e4ftsf\u00fchrerin:<\/p>\n\n\n\n<p>Silke Kr\u00fcger (Tel.: +49 201 781168, <a href=\"mailto:s.krueger-etb@web.de\">s.krueger-etb@web.de<\/a>)<\/p>\n\n\n\n<h2 class=\"wp-block-heading\">Wirbels\u00e4ulen-Gymnastik f\u00fcr Frauen<\/h2>\n\n\n\n<p>Dieses besondere Angebot richtet sich an Frauen und Seniorinnen, die fit und aktiv bleiben m\u00f6chten. Hier erwarten euch gezielte Kr\u00e4ftigungs\u00fcbungen, Gleichgewichtstraining uvm in einer netten Gemeinschaft. F\u00fcr unsere Seniorengruppe stehen Mobilisation und Freude an der Bewegung im Mittelpunkt \u2013 angepasst an jedes Fitnesslevel. Mach mit und erlebe, wie gemeinsames Training K\u00f6rper und Geist in Schwung bringt.<\/p>\n\n\n\n<p>Schnuppertraining ist m\u00f6glich, bitte f\u00fcr einen Termin vorher anrufen.<\/p>\n\n\n\n<figure class=\"wp-block-table\"><table class=\"has-fixed-layout\" style=\"border-style:none;border-width:0px\"><tbody><tr><td class=\"has-text-align-center\" data-align=\"center\">Montag, 18:00 &#8211; 19:45 Uhr<\/td><td class=\"has-text-align-center\" data-align=\"center\"><a href=\"https:\/\/www.google.com\/maps\/place\/Helmholtz-Gymnasium+Essen\/@51.4366433,7.0137351,17z\/data=!3m1!4b1!4m6!3m5!1s0x47b8dd2b56561505:0x968d2d40eb36595b!8m2!3d51.43664!4d7.01631!16s%2Fg%2F122h62pc?entry=ttu&amp;g_ep=EgoyMDI1MTAxMi4wIKXMDSoASAFQAw%3D%3D\">Helmholtzhalle<br>Rosastra\u00dfe 83<br>45130 Essen<\/a><\/td><td class=\"has-text-align-center\" data-align=\"center\"><br><a href=\"http:\/\/212.227.100.131:8081\/index.php\/ueber-uns\/#ul-annkathrin\" data-type=\"page\" data-id=\"50\">Ann-Kathrin Hummel<\/a><\/td><\/tr><\/tbody><\/table><\/figure>\n\n\n\n<p><\/p>\n\n\n\n<p>Unser Antragsformular f\u00fcr eine Mitgliedschaft sowie die Beschreibung des Aufnahmeprozesses findest du <a href=\"http:\/\/212.227.100.131:8081\/index.php\/mitglied-werden\/\" data-type=\"page\" data-id=\"52\">hier<\/a>. Wir freuen uns auf dich \ud83d\ude0e<\/p>\n","protected":false},"excerpt":{"rendered":"<p>Bei Interesse an unseren Trainingseinheiten oder Fragen zu Schnupperstunden oder der Anmeldung, wendet euch gerne direkt an unsere Gesch\u00e4ftsf\u00fchrerin: Silke Kr\u00fcger (Tel.: +49 201 781168, s.krueger-etb@web.de) Wirbels\u00e4ulen-Gymnastik f\u00fcr Frauen Dieses besondere Angebot richtet sich an Frauen und Seniorinnen, die fit und aktiv bleiben m\u00f6chten. Hier erwarten euch gezielte Kr\u00e4ftigungs\u00fcbungen, Gleichgewichtstraining uvm in einer netten Gemeinschaft&#8230;.<\/p>\n","protected":false},"author":1,"featured_media":0,"parent":0,"menu_order":0,"comment_status":"closed","ping_status":"closed","template":"","meta":{"_kad_post_transparent":"","_kad_post_title":"","_kad_post_layout":"","_kad_post_sidebar_id":"","_kad_post_content_style":"","_kad_post_vertical_padding":"","_kad_post_feature":"","_kad_post_feature_position":"","_kad_post_header":false,"_kad_post_footer":false,"footnotes":""},"class_list":["post-17","page","type-page","status-publish","hentry"],"_links":{"self":[{"href":"https:\/\/etb.mausberg.net\/index.php\/wp-json\/wp\/v2\/pages\/17","targetHints":{"allow":["GET"]}}],"collection":[{"href":"https:\/\/etb.mausberg.net\/index.php\/wp-json\/wp\/v2\/pages"}],"about":[{"href":"https:\/\/etb.mausberg.net\/index.php\/wp-json\/wp\/v2\/types\/page"}],"author":[{"embeddable":true,"href":"https:\/\/etb.mausberg.net\/index.php\/wp-json\/wp\/v2\/users\/1"}],"replies":[{"embeddable":true,"href":"https:\/\/etb.mausberg.net\/index.php\/wp-json\/wp\/v2\/comments?post=17"}],"version-history":[{"count":6,"href":"https:\/\/etb.mausberg.net\/index.php\/wp-json\/wp\/v2\/pages\/17\/revisions"}],"predecessor-version":[{"id":107,"href":"https:\/\/etb.mausberg.net\/index.php\/wp-json\/wp\/v2\/pages\/17\/revisions\/107"}],"wp:attachment":[{"href":"https:\/\/etb.mausberg.net\/index.php\/wp-json\/wp\/v2\/media?parent=17"}],"curies":[{"name":"wp","href":"https:\/\/api.w.org\/{rel}","templated":true}]}}